{"id":733,"date":"2024-02-19T12:49:20","date_gmt":"2024-02-19T15:49:20","guid":{"rendered":"https:\/\/eventosaben.org.br\/senaden2024\/?page_id=733"},"modified":"2026-04-28T10:28:15","modified_gmt":"2026-04-28T13:28:15","slug":"hospedagem","status":"publish","type":"page","link":"https:\/\/cbprimatologia.com.br\/es\/hospedagem\/","title":{"rendered":"Hospedagem"},"content":{"rendered":"\t\t<div data-elementor-type=\"wp-page\" data-elementor-id=\"733\" class=\"elementor elementor-733\" data-elementor-post-type=\"page\">\n\t\t\t\t<div class=\"elementor-element elementor-element-7af4a77c e-con-full e-flex e-con e-parent\" data-id=\"7af4a77c\" data-element_type=\"container\" data-e-type=\"container\" data-settings=\"{&quot;background_background&quot;:&quot;classic&quot;}\">\n\t\t\t\t<\/div>\n\t\t<div class=\"elementor-element elementor-element-53f8b89 e-flex e-con-boxed e-con e-parent\" data-id=\"53f8b89\" data-element_type=\"container\" data-e-type=\"container\">\n\t\t\t\t\t<div class=\"e-con-inner\">\n\t\t\t\t<div class=\"elementor-element elementor-element-dda7aa8 elementor-widget elementor-widget-html\" data-id=\"dda7aa8\" data-element_type=\"widget\" data-e-type=\"widget\" data-widget_type=\"html.default\">\n\t\t\t\t<div class=\"elementor-widget-container\">\n\t\t\t\t\t<section style=\"max-width: 900px; margin: auto; font-family: Arial, sans-serif; text-align: center;\">\n\n  <!-- T\u00cdTULO -->\n  <h2 style=\"color: #424f26; margin-bottom: 10px;\">\n    Hospedagem em Foz do Igua\u00e7u\n  <\/h2>\n\n  <!-- DESCRI\u00c7\u00c3O -->\n  <p style=\"color: #555; margin-bottom: 30px;\">\n    Foz do Igua\u00e7u oferece uma ampla rede de hospedagem para todos os perfis de participantes \u2014 \n    desde hot\u00e9is e pousadas at\u00e9 op\u00e7\u00f5es mais econ\u00f4micas e alternativas como hostels e camping. \n    <br><br>\n    Explore as op\u00e7\u00f5es dispon\u00edveis e escolha a que melhor se adapta \u00e0 sua experi\u00eancia durante o congresso.\n  <\/p>\n\n  <!-- BOT\u00d5ES -->\n  <div style=\"display:flex; flex-direction:column; gap:15px; align-items:center;\">\n\n    <!-- HOT\u00c9IS -->\n    <a href=\"https:\/\/www.destino.foz.br\/hospedagem\/hoteis-em-foz-do-iguacu\/\" target=\"_blank\"\n      style=\"\n        width: 100%;\n        max-width: 400px;\n        background: #424f26;\n        color: #fff;\n        padding: 16px;\n        border-radius: 10px;\n        text-decoration: none;\n        font-weight: bold;\n        transition: 0.3s;\n      \"\n      onmouseover=\"this.style.background='#cd9760'\"\n      onmouseout=\"this.style.background='#424f26'\">\n      \ud83c\udfe8 Ver hot\u00e9is em Foz do Igua\u00e7u\n    <\/a>\n\n    <!-- POUSADAS E HOSTELS -->\n    <a href=\"https:\/\/www.destino.foz.br\/hospedagem\/pousadas-e-hostels-em-foz-do-iguacu\/\" target=\"_blank\"\n      style=\"\n        width: 100%;\n        max-width: 400px;\n        background: #9dad8f;\n        color: #fff;\n        padding: 16px;\n        border-radius: 10px;\n        text-decoration: none;\n        font-weight: bold;\n        transition: 0.3s;\n      \"\n      onmouseover=\"this.style.background='#cd9760'\"\n      onmouseout=\"this.style.background='#9dad8f'\">\n      \ud83c\udfe1 Explorar pousadas e hostels\n    <\/a>\n\n    <!-- CAMPING -->\n    <a href=\"https:\/\/www.destino.foz.br\/hospedagem\/camping-em-foz-do-iguacu\/\" target=\"_blank\"\n      style=\"\n        width: 100%;\n        max-width: 400px;\n        background: #936b52;\n        color: #fff;\n        padding: 16px;\n        border-radius: 10px;\n        text-decoration: none;\n        font-weight: bold;\n        transition: 0.3s;\n      \"\n      onmouseover=\"this.style.background='#cd9760'\"\n      onmouseout=\"this.style.background='#936b52'\">\n      \u26fa Conhecer op\u00e7\u00f5es de camping\n    <\/a>\n\n  <\/div>\n\n  <!-- OBSERVA\u00c7\u00c3O -->\n  <p style=\"margin-top: 30px; font-size: 14px; color: #777;\">\n    \ud83d\udca1 As listagens s\u00e3o fornecidas pelo portal oficial de turismo de Foz do Igua\u00e7u.\n  <\/p>\n\n<\/section>\t\t\t\t<\/div>\n\t\t\t\t<\/div>\n\t\t\t\t\t<\/div>\n\t\t\t\t<\/div>\n\t\t\t\t<section class=\"elementor-section elementor-top-section elementor-element elementor-element-36e67de8 elementor-hidden-desktop elementor-hidden-tablet elementor-hidden-mobile elementor-section-boxed elementor-section-height-default elementor-section-height-default\" data-id=\"36e67de8\" data-element_type=\"section\" data-e-type=\"section\">\n\t\t\t\t\t\t<div class=\"elementor-container elementor-column-gap-default\">\n\t\t\t\t\t<div class=\"elementor-column elementor-col-50 elementor-top-column elementor-element elementor-element-586b221a\" data-id=\"586b221a\" data-element_type=\"column\" data-e-type=\"column\">\n\t\t\t<div class=\"elementor-widget-wrap elementor-element-populated\">\n\t\t\t\t\t\t<div class=\"elementor-element elementor-element-2fc26e46 elementor-widget elementor-widget-image\" data-id=\"2fc26e46\" data-element_type=\"widget\" data-e-type=\"widget\" data-widget_type=\"image.default\">\n\t\t\t\t<div class=\"elementor-widget-container\">\n\t\t\t\t\t\t\t\t\t\t\t\t\t\t\t<img decoding=\"async\" src=\"https:\/\/cbprimatologia.com.br\/es\/wp-content\/uploads\/2024\/04\/agenciasenaden.jpeg\" title=\"\" alt=\"\" loading=\"lazy\" \/>\t\t\t\t\t\t\t\t\t\t\t\t\t\t\t<\/div>\n\t\t\t\t<\/div>\n\t\t\t\t\t<\/div>\n\t\t<\/div>\n\t\t\t\t<div class=\"elementor-column elementor-col-50 elementor-top-column elementor-element elementor-element-7226114e\" data-id=\"7226114e\" data-element_type=\"column\" data-e-type=\"column\">\n\t\t\t<div class=\"elementor-widget-wrap elementor-element-populated\">\n\t\t\t\t\t\t<div class=\"elementor-element elementor-element-598c97c8 elementor-widget elementor-widget-text-editor\" data-id=\"598c97c8\" data-element_type=\"widget\" data-e-type=\"widget\" data-widget_type=\"text-editor.default\">\n\t\t\t\t<div class=\"elementor-widget-container\">\n\t\t\t\t\t\t\t\t\t<div class=\"elementor-element elementor-element-c63d345 elementor-widget elementor-widget-heading\" data-id=\"c63d345\" data-element_type=\"widget\" data-widget_type=\"heading.default\"><div class=\"elementor-widget-container\"><h2 class=\"elementor-heading-title elementor-size-default\"><em>Armaz\u00e9m da Viagem<\/em><\/h2><p>Para desfrutar das tarifas promocionais dos hot\u00e9is parceiros do evento consulte Armaz\u00e9m da Viagem!<\/p><\/div><\/div>\t\t\t\t\t\t\t\t<\/div>\n\t\t\t\t<\/div>\n\t\t\t\t<section class=\"elementor-section elementor-inner-section elementor-element elementor-element-1a841ce8 elementor-section-boxed elementor-section-height-default elementor-section-height-default\" data-id=\"1a841ce8\" data-element_type=\"section\" data-e-type=\"section\">\n\t\t\t\t\t\t<div class=\"elementor-container elementor-column-gap-default\">\n\t\t\t\t\t<div class=\"elementor-column elementor-col-50 elementor-inner-column elementor-element elementor-element-5ffc1a5a\" data-id=\"5ffc1a5a\" data-element_type=\"column\" data-e-type=\"column\">\n\t\t\t<div class=\"elementor-widget-wrap elementor-element-populated\">\n\t\t\t\t\t\t<div class=\"elementor-element elementor-element-22ef4049 elementor-view-default elementor-position-block-start elementor-mobile-position-block-start elementor-widget elementor-widget-icon-box\" data-id=\"22ef4049\" data-element_type=\"widget\" data-e-type=\"widget\" data-widget_type=\"icon-box.default\">\n\t\t\t\t<div class=\"elementor-widget-container\">\n\t\t\t\t\t\t\t<div class=\"elementor-icon-box-wrapper\">\n\n\t\t\t\t\t\t<div class=\"elementor-icon-box-icon\">\n\t\t\t\t<a href=\"https:\/\/api.whatsapp.com\/send?phone=5562996754433&#038;text=Ol\" class=\"elementor-icon\" tabindex=\"-1\" aria-label=\"(62) 99675-4433\">\n\t\t\t\t<i aria-hidden=\"true\" class=\"icon icon-whatsapp-1\"><\/i>\t\t\t\t<\/a>\n\t\t\t<\/div>\n\t\t\t\n\t\t\t\t\t\t<div class=\"elementor-icon-box-content\">\n\n\t\t\t\t\t\t\t\t\t<h3 class=\"elementor-icon-box-title\">\n\t\t\t\t\t\t<a href=\"https:\/\/api.whatsapp.com\/send?phone=5562996754433&#038;text=Ol\" >\n\t\t\t\t\t\t\t(62) 99675-4433\t\t\t\t\t\t<\/a>\n\t\t\t\t\t<\/h3>\n\t\t\t\t\n\t\t\t\t\n\t\t\t<\/div>\n\t\t\t\n\t\t<\/div>\n\t\t\t\t\t\t<\/div>\n\t\t\t\t<\/div>\n\t\t\t\t\t<\/div>\n\t\t<\/div>\n\t\t\t\t<div class=\"elementor-column elementor-col-50 elementor-inner-column elementor-element elementor-element-79750411\" data-id=\"79750411\" data-element_type=\"column\" data-e-type=\"column\">\n\t\t\t<div class=\"elementor-widget-wrap elementor-element-populated\">\n\t\t\t\t\t\t<div class=\"elementor-element elementor-element-231c9a01 elementor-view-default elementor-position-block-start elementor-mobile-position-block-start elementor-widget elementor-widget-icon-box\" data-id=\"231c9a01\" data-element_type=\"widget\" data-e-type=\"widget\" data-widget_type=\"icon-box.default\">\n\t\t\t\t<div class=\"elementor-widget-container\">\n\t\t\t\t\t\t\t<div class=\"elementor-icon-box-wrapper\">\n\n\t\t\t\t\t\t<div class=\"elementor-icon-box-icon\">\n\t\t\t\t<span  class=\"elementor-icon\">\n\t\t\t\t<i aria-hidden=\"true\" class=\"icon icon-email\"><\/i>\t\t\t\t<\/span>\n\t\t\t<\/div>\n\t\t\t\n\t\t\t\t\t\t<div class=\"elementor-icon-box-content\">\n\n\t\t\t\t\t\t\t\t\t<h3 class=\"elementor-icon-box-title\">\n\t\t\t\t\t\t<span  >\n\t\t\t\t\t\t\tcongressos@armazemdaviagem.com.br\t\t\t\t\t\t<\/span>\n\t\t\t\t\t<\/h3>\n\t\t\t\t\n\t\t\t\t\n\t\t\t<\/div>\n\t\t\t\n\t\t<\/div>\n\t\t\t\t\t\t<\/div>\n\t\t\t\t<\/div>\n\t\t\t\t\t<\/div>\n\t\t<\/div>\n\t\t\t\t\t<\/div>\n\t\t<\/section>\n\t\t\t\t\t<\/div>\n\t\t<\/div>\n\t\t\t\t\t<\/div>\n\t\t<\/section>\n\t\t\t\t<\/div>\n\t\t","protected":false},"excerpt":{"rendered":"<p>Hospedagem em Foz do Igua\u00e7u Foz do Igua\u00e7u oferece uma ampla rede de hospedagem para todos os perfis de participantes \u2014 desde hot\u00e9is e pousadas at\u00e9 op\u00e7\u00f5es mais econ\u00f4micas e alternativas como hostels e camping. Explore as op\u00e7\u00f5es dispon\u00edveis e escolha a que melhor se adapta \u00e0 sua experi\u00eancia durante o congresso. \ud83c\udfe8 Ver hot\u00e9is [&hellip;]<\/p>\n","protected":false},"author":1,"featured_media":0,"parent":0,"menu_order":0,"comment_status":"closed","ping_status":"closed","template":"elementor_header_footer","meta":{"_joinchat":[],"footnotes":""},"class_list":["post-733","page","type-page","status-publish","hentry"],"aioseo_notices":[],"_hostinger_reach_plugin_has_subscription_block":false,"_hostinger_reach_plugin_is_elementor":false,"_links":{"self":[{"href":"https:\/\/cbprimatologia.com.br\/es\/wp-json\/wp\/v2\/pages\/733","targetHints":{"allow":["GET"]}}],"collection":[{"href":"https:\/\/cbprimatologia.com.br\/es\/wp-json\/wp\/v2\/pages"}],"about":[{"href":"https:\/\/cbprimatologia.com.br\/es\/wp-json\/wp\/v2\/types\/page"}],"author":[{"embeddable":true,"href":"https:\/\/cbprimatologia.com.br\/es\/wp-json\/wp\/v2\/users\/1"}],"replies":[{"embeddable":true,"href":"https:\/\/cbprimatologia.com.br\/es\/wp-json\/wp\/v2\/comments?post=733"}],"version-history":[{"count":31,"href":"https:\/\/cbprimatologia.com.br\/es\/wp-json\/wp\/v2\/pages\/733\/revisions"}],"predecessor-version":[{"id":2799,"href":"https:\/\/cbprimatologia.com.br\/es\/wp-json\/wp\/v2\/pages\/733\/revisions\/2799"}],"wp:attachment":[{"href":"https:\/\/cbprimatologia.com.br\/es\/wp-json\/wp\/v2\/media?parent=733"}],"curies":[{"name":"wp","href":"https:\/\/api.w.org\/{rel}","templated":true}]}}