{"id":2686,"date":"2026-04-27T13:40:15","date_gmt":"2026-04-27T16:40:15","guid":{"rendered":"https:\/\/eventogyn.com.br\/cbprimatologia\/?page_id=2686"},"modified":"2026-04-28T10:49:00","modified_gmt":"2026-04-28T13:49:00","slug":"submissao-de-atividades","status":"publish","type":"page","link":"https:\/\/cbprimatologia.com.br\/es\/submissao-de-atividades\/","title":{"rendered":"Submiss\u00e3o de atividades"},"content":{"rendered":"\t\t<div data-elementor-type=\"wp-page\" data-elementor-id=\"2686\" class=\"elementor elementor-2686\" data-elementor-post-type=\"page\">\n\t\t\t\t<div class=\"elementor-element elementor-element-44428d98 e-con-full e-flex e-con e-parent\" data-id=\"44428d98\" data-element_type=\"container\" data-e-type=\"container\" data-settings=\"{&quot;background_background&quot;:&quot;classic&quot;}\">\n\t\t\t\t<\/div>\n\t\t\t\t<section class=\"elementor-section elementor-top-section elementor-element elementor-element-c0307cb elementor-section-boxed elementor-section-height-default elementor-section-height-default\" data-id=\"c0307cb\" data-element_type=\"section\" data-e-type=\"section\">\n\t\t\t\t\t\t<div class=\"elementor-container elementor-column-gap-default\">\n\t\t\t\t\t<div class=\"elementor-column elementor-col-33 elementor-top-column elementor-element elementor-element-7bda0b8 elementor-invisible\" data-id=\"7bda0b8\" data-element_type=\"column\" data-e-type=\"column\" data-settings=\"{&quot;animation&quot;:&quot;fadeInLeft&quot;}\">\n\t\t\t<div class=\"elementor-widget-wrap elementor-element-populated\">\n\t\t\t\t\t\t<div class=\"elementor-element elementor-element-84cf388 elementor-widget elementor-widget-heading\" data-id=\"84cf388\" data-element_type=\"widget\" data-e-type=\"widget\" data-widget_type=\"heading.default\">\n\t\t\t\t<div class=\"elementor-widget-container\">\n\t\t\t\t\t<h2 class=\"elementor-heading-title elementor-size-default\">2<\/h2>\t\t\t\t<\/div>\n\t\t\t\t<\/div>\n\t\t\t\t<div class=\"elementor-element elementor-element-63f1715 elementor-widget elementor-widget-text-editor\" data-id=\"63f1715\" data-element_type=\"widget\" data-e-type=\"widget\" data-widget_type=\"text-editor.default\">\n\t\t\t\t<div class=\"elementor-widget-container\">\n\t\t\t\t\t\t\t\t\t<p>Submiss\u00f5es por inscri\u00e7\u00e3o<\/p>\t\t\t\t\t\t\t\t<\/div>\n\t\t\t\t<\/div>\n\t\t\t\t\t<\/div>\n\t\t<\/div>\n\t\t\t\t<div class=\"elementor-column elementor-col-33 elementor-top-column elementor-element elementor-element-12b499a animated-slow elementor-invisible\" data-id=\"12b499a\" data-element_type=\"column\" data-e-type=\"column\" data-settings=\"{&quot;animation&quot;:&quot;zoomIn&quot;}\">\n\t\t\t<div class=\"elementor-widget-wrap elementor-element-populated\">\n\t\t\t\t\t\t<div class=\"elementor-element elementor-element-698af99 elementor-widget elementor-widget-heading\" data-id=\"698af99\" data-element_type=\"widget\" data-e-type=\"widget\" data-widget_type=\"heading.default\">\n\t\t\t\t<div class=\"elementor-widget-container\">\n\t\t\t\t\t<h2 class=\"elementor-heading-title elementor-size-default\">15\/07<\/h2>\t\t\t\t<\/div>\n\t\t\t\t<\/div>\n\t\t\t\t<div class=\"elementor-element elementor-element-2926ae2 elementor-widget elementor-widget-text-editor\" data-id=\"2926ae2\" data-element_type=\"widget\" data-e-type=\"widget\" data-widget_type=\"text-editor.default\">\n\t\t\t\t<div class=\"elementor-widget-container\">\n\t\t\t\t\t\t\t\t\t<p>Limite de envio<\/p>\t\t\t\t\t\t\t\t<\/div>\n\t\t\t\t<\/div>\n\t\t\t\t\t<\/div>\n\t\t<\/div>\n\t\t\t\t<div class=\"elementor-column elementor-col-33 elementor-top-column elementor-element elementor-element-70cc9f6 elementor-invisible\" data-id=\"70cc9f6\" data-element_type=\"column\" data-e-type=\"column\" data-settings=\"{&quot;animation&quot;:&quot;fadeInRight&quot;,&quot;animation_delay&quot;:200}\">\n\t\t\t<div class=\"elementor-widget-wrap elementor-element-populated\">\n\t\t\t\t\t\t<div class=\"elementor-element elementor-element-f1eaf87 elementor-widget elementor-widget-heading\" data-id=\"f1eaf87\" data-element_type=\"widget\" data-e-type=\"widget\" data-widget_type=\"heading.default\">\n\t\t\t\t<div class=\"elementor-widget-container\">\n\t\t\t\t\t<h2 class=\"elementor-heading-title elementor-size-default\">30\/08<\/h2>\t\t\t\t<\/div>\n\t\t\t\t<\/div>\n\t\t\t\t<div class=\"elementor-element elementor-element-5586ea2 elementor-widget elementor-widget-text-editor\" data-id=\"5586ea2\" data-element_type=\"widget\" data-e-type=\"widget\" data-widget_type=\"text-editor.default\">\n\t\t\t\t<div class=\"elementor-widget-container\">\n\t\t\t\t\t\t\t\t\t<p>RESULTADOS DE SUBMISS\u00c3O<\/p>\t\t\t\t\t\t\t\t<\/div>\n\t\t\t\t<\/div>\n\t\t\t\t\t<\/div>\n\t\t<\/div>\n\t\t\t\t\t<\/div>\n\t\t<\/section>\n\t\t<div class=\"elementor-element elementor-element-a5dcfed e-flex e-con-boxed e-con e-parent\" data-id=\"a5dcfed\" data-element_type=\"container\" data-e-type=\"container\">\n\t\t\t\t\t<div class=\"e-con-inner\">\n\t\t\t\t<div class=\"elementor-element elementor-element-3731c33 elementor-widget elementor-widget-accordion\" data-id=\"3731c33\" data-element_type=\"widget\" data-e-type=\"widget\" data-widget_type=\"accordion.default\">\n\t\t\t\t<div class=\"elementor-widget-container\">\n\t\t\t\t\t\t\t<div class=\"elementor-accordion\">\n\t\t\t\t\t\t\t<div class=\"elementor-accordion-item\">\n\t\t\t\t\t<div id=\"elementor-tab-title-5781\" class=\"elementor-tab-title\" data-tab=\"1\" role=\"button\" aria-controls=\"elementor-tab-content-5781\" aria-expanded=\"false\">\n\t\t\t\t\t\t\t\t\t\t\t\t\t<span class=\"elementor-accordion-icon elementor-accordion-icon-left\" aria-hidden=\"true\">\n\t\t\t\t\t\t\t\t\t\t\t\t\t\t\t<span class=\"elementor-accordion-icon-closed\"><svg class=\"e-font-icon-svg e-fas-plus\" viewBox=\"0 0 448 512\" xmlns=\"http:\/\/www.w3.org\/2000\/svg\"><path d=\"M416 208H272V64c0-17.67-14.33-32-32-32h-32c-17.67 0-32 14.33-32 32v144H32c-17.67 0-32 14.33-32 32v32c0 17.67 14.33 32 32 32h144v144c0 17.67 14.33 32 32 32h32c17.67 0 32-14.33 32-32V304h144c17.67 0 32-14.33 32-32v-32c0-17.67-14.33-32-32-32z\"><\/path><\/svg><\/span>\n\t\t\t\t\t\t\t\t<span class=\"elementor-accordion-icon-opened\"><svg class=\"e-font-icon-svg e-fas-minus\" viewBox=\"0 0 448 512\" xmlns=\"http:\/\/www.w3.org\/2000\/svg\"><path d=\"M416 208H32c-17.67 0-32 14.33-32 32v32c0 17.67 14.33 32 32 32h384c17.67 0 32-14.33 32-32v-32c0-17.67-14.33-32-32-32z\"><\/path><\/svg><\/span>\n\t\t\t\t\t\t\t\t\t\t\t\t\t\t<\/span>\n\t\t\t\t\t\t\t\t\t\t\t\t<a class=\"elementor-accordion-title\" tabindex=\"0\">NORMAS PARA SUBMISS\u00c3O DE SIMP\u00d3SIO<\/a>\n\t\t\t\t\t<\/div>\n\t\t\t\t\t<div id=\"elementor-tab-content-5781\" class=\"elementor-tab-content elementor-clearfix\" data-tab=\"1\" role=\"region\" aria-labelledby=\"elementor-tab-title-5781\"><ul><li><p><strong>Formato das apresenta\u00e7\u00f5es<\/strong><br \/>As apresenta\u00e7\u00f5es do simp\u00f3sio ser\u00e3o programadas em intervalos de 15 minutos (12 minutos de apresenta\u00e7\u00e3o e 3 minutos de perguntas), devendo haver pelo menos cinco (5) apresenta\u00e7\u00f5es. Indicar se deseja incluir 15 minutos de discuss\u00e3o final no simp\u00f3sio.<\/p><\/li><li><p><strong>Notifica\u00e7\u00e3o e submiss\u00e3o de resumos<\/strong><br \/>Caso a proposta do simp\u00f3sio seja aceita, os organizadores ser\u00e3o notificados no dia XXX de 2026. Os palestrantes dever\u00e3o enviar o resumo de suas apresenta\u00e7\u00f5es conforme as instru\u00e7\u00f5es descritas, simultaneamente aos demais resumos para apresenta\u00e7\u00f5es orais e p\u00f4steres (prazo final: 15 de agosto de 2026). A aceita\u00e7\u00e3o de cada apresenta\u00e7\u00e3o depender\u00e1 de sua qualidade.<\/p><\/li><li><p><strong>Integra\u00e7\u00e3o de apresenta\u00e7\u00f5es relacionadas<\/strong><br \/>Se uma apresenta\u00e7\u00e3o oral submetida por outro palestrante tratar de um tema altamente pertinente ao de um simp\u00f3sio aceito, o Comit\u00ea Cient\u00edfico poder\u00e1 sugerir ao organizador desse simp\u00f3sio que ela seja incorporada.<\/p><\/li><\/ul><\/div>\n\t\t\t\t<\/div>\n\t\t\t\t\t\t\t<div class=\"elementor-accordion-item\">\n\t\t\t\t\t<div id=\"elementor-tab-title-5782\" class=\"elementor-tab-title\" data-tab=\"2\" role=\"button\" aria-controls=\"elementor-tab-content-5782\" aria-expanded=\"false\">\n\t\t\t\t\t\t\t\t\t\t\t\t\t<span class=\"elementor-accordion-icon elementor-accordion-icon-left\" aria-hidden=\"true\">\n\t\t\t\t\t\t\t\t\t\t\t\t\t\t\t<span class=\"elementor-accordion-icon-closed\"><svg class=\"e-font-icon-svg e-fas-plus\" viewBox=\"0 0 448 512\" xmlns=\"http:\/\/www.w3.org\/2000\/svg\"><path d=\"M416 208H272V64c0-17.67-14.33-32-32-32h-32c-17.67 0-32 14.33-32 32v144H32c-17.67 0-32 14.33-32 32v32c0 17.67 14.33 32 32 32h144v144c0 17.67 14.33 32 32 32h32c17.67 0 32-14.33 32-32V304h144c17.67 0 32-14.33 32-32v-32c0-17.67-14.33-32-32-32z\"><\/path><\/svg><\/span>\n\t\t\t\t\t\t\t\t<span class=\"elementor-accordion-icon-opened\"><svg class=\"e-font-icon-svg e-fas-minus\" viewBox=\"0 0 448 512\" xmlns=\"http:\/\/www.w3.org\/2000\/svg\"><path d=\"M416 208H32c-17.67 0-32 14.33-32 32v32c0 17.67 14.33 32 32 32h384c17.67 0 32-14.33 32-32v-32c0-17.67-14.33-32-32-32z\"><\/path><\/svg><\/span>\n\t\t\t\t\t\t\t\t\t\t\t\t\t\t<\/span>\n\t\t\t\t\t\t\t\t\t\t\t\t<a class=\"elementor-accordion-title\" tabindex=\"0\">CAMPOS DE SUBMISS\u00c3O<\/a>\n\t\t\t\t\t<\/div>\n\t\t\t\t\t<div id=\"elementor-tab-content-5782\" class=\"elementor-tab-content elementor-clearfix\" data-tab=\"2\" role=\"region\" aria-labelledby=\"elementor-tab-title-5782\"><ul><li><p><strong>T\u00edtulo e sinopse do simp\u00f3sio<\/strong><br \/>Fornecer um t\u00edtulo com no m\u00e1ximo 20 palavras e uma sinopse clara e sucinta de at\u00e9 300 palavras, tal como aparecer\u00e1 no programa do evento. Evitar o uso de refer\u00eancias a relat\u00f3rios ou livros, abrevia\u00e7\u00f5es ou jarg\u00e3o excessivamente t\u00e9cnico. Descrever o tema, destacando as quest\u00f5es cient\u00edficas, inova\u00e7\u00f5es ou pesquisas que ser\u00e3o abordadas.<\/p><\/li><li><p><strong>Organiza\u00e7\u00e3o do simp\u00f3sio<\/strong><br \/>Fornecer o nome, a afilia\u00e7\u00e3o e as informa\u00e7\u00f5es de contato do(a) organizador(a) e do(a) coorganizador(a).<\/p><\/li><li><p><strong>Palestrantes do simp\u00f3sio<\/strong><br \/>Fornecer uma lista dos palestrantes (incluindo organizadores e coorganizadores). Para cada palestrante, informar:<\/p><ol><li><p>Nome, afilia\u00e7\u00e3o e contato;<\/p><\/li><li><p>T\u00edtulo provis\u00f3rio (m\u00e1ximo de 20 palavras);<\/p><\/li><li><p>Status (convidado(a) ou confirmado(a));<\/p><\/li><li><p>Breve resumo (m\u00e1ximo de 100 palavras).<\/p><\/li><\/ol><p><strong>Defini\u00e7\u00f5es de status:<\/strong><\/p><ul><li><p><em>Convidado(a)<\/em>: o palestrante foi contatado e o convite est\u00e1 em an\u00e1lise.<\/p><\/li><li><p><em>Confirmado(a)<\/em>: o palestrante respondeu ao convite, confirmou disponibilidade nas datas do evento e participa\u00e7\u00e3o caso a proposta seja aceita.<\/p><\/li><\/ul><p>Observa\u00e7\u00e3o: o resumo fornecido neste momento para cada apresenta\u00e7\u00e3o n\u00e3o ser\u00e1 o mesmo que aparecer\u00e1 no programa final do evento.<\/p><\/li><\/ul><\/div>\n\t\t\t\t<\/div>\n\t\t\t\t\t\t\t\t<\/div>\n\t\t\t\t\t\t<\/div>\n\t\t\t\t<\/div>\n\t\t\t\t\t<\/div>\n\t\t\t\t<\/div>\n\t\t<div class=\"elementor-element elementor-element-e76e184 e-flex e-con-boxed e-con e-parent\" data-id=\"e76e184\" data-element_type=\"container\" data-e-type=\"container\">\n\t\t\t\t\t<div class=\"e-con-inner\">\n\t\t\t\t<div class=\"elementor-element elementor-element-dec5169 elementor-widget elementor-widget-heading\" data-id=\"dec5169\" data-element_type=\"widget\" data-e-type=\"widget\" data-widget_type=\"heading.default\">\n\t\t\t\t<div class=\"elementor-widget-container\">\n\t\t\t\t\t<h2 class=\"elementor-heading-title elementor-size-default\">Para enviar seu trabalho, siga os passos abaixo:<\/h2>\t\t\t\t<\/div>\n\t\t\t\t<\/div>\n\t\t\t\t<div class=\"elementor-element elementor-element-5e5b009 elementor-widget elementor-widget-text-editor\" data-id=\"5e5b009\" data-element_type=\"widget\" data-e-type=\"widget\" data-widget_type=\"text-editor.default\">\n\t\t\t\t<div class=\"elementor-widget-container\">\n\t\t\t\t\t\t\t\t\t<ol data-start=\"215\" data-end=\"536\"><li data-start=\"215\" data-end=\"336\"><p data-start=\"218\" data-end=\"336\">Acesse sua <strong data-start=\"229\" data-end=\"253\">\u00e1rea de congressista<\/strong> utilizando o <strong data-start=\"267\" data-end=\"288\">e-mail cadastrado<\/strong> e a <strong data-start=\"293\" data-end=\"335\">senha recebida no momento da inscri\u00e7\u00e3o<\/strong>.<\/p><\/li><li data-start=\"337\" data-end=\"391\"><p data-start=\"340\" data-end=\"391\">Ap\u00f3s realizar o login, clique na aba <strong data-start=\"377\" data-end=\"390\">\u201cResumos\u201d<\/strong>.<\/p><\/li><li data-start=\"392\" data-end=\"473\"><p data-start=\"395\" data-end=\"473\">Selecione a op\u00e7\u00e3o <strong data-start=\"413\" data-end=\"434\">\u201cSubmeter resumo\u201d<\/strong> e preencha as informa\u00e7\u00f5es solicitadas.<\/p><\/li><li data-start=\"474\" data-end=\"536\"><p data-start=\"477\" data-end=\"536\">Finalize a submiss\u00e3o conforme as orienta\u00e7\u00f5es da plataforma.<\/p><\/li><\/ol>\t\t\t\t\t\t\t\t<\/div>\n\t\t\t\t<\/div>\n\t\t\t\t\t<\/div>\n\t\t\t\t<\/div>\n\t\t\t\t<\/div>\n\t\t","protected":false},"excerpt":{"rendered":"<p>2 Submiss\u00f5es por inscri\u00e7\u00e3o 15\/07 Limite de envio 30\/08 RESULTADOS DE SUBMISS\u00c3O NORMAS PARA SUBMISS\u00c3O DE SIMP\u00d3SIO Formato das apresenta\u00e7\u00f5esAs apresenta\u00e7\u00f5es do simp\u00f3sio ser\u00e3o programadas em intervalos de 15 minutos (12 minutos de apresenta\u00e7\u00e3o e 3 minutos de perguntas), devendo haver pelo menos cinco (5) apresenta\u00e7\u00f5es. Indicar se deseja incluir 15 minutos de discuss\u00e3o final [&hellip;]<\/p>\n","protected":false},"author":3,"featured_media":0,"parent":0,"menu_order":0,"comment_status":"closed","ping_status":"closed","template":"elementor_header_footer","meta":{"_joinchat":[],"footnotes":""},"class_list":["post-2686","page","type-page","status-publish","hentry"],"aioseo_notices":[],"_hostinger_reach_plugin_has_subscription_block":false,"_hostinger_reach_plugin_is_elementor":false,"_links":{"self":[{"href":"https:\/\/cbprimatologia.com.br\/es\/wp-json\/wp\/v2\/pages\/2686","targetHints":{"allow":["GET"]}}],"collection":[{"href":"https:\/\/cbprimatologia.com.br\/es\/wp-json\/wp\/v2\/pages"}],"about":[{"href":"https:\/\/cbprimatologia.com.br\/es\/wp-json\/wp\/v2\/types\/page"}],"author":[{"embeddable":true,"href":"https:\/\/cbprimatologia.com.br\/es\/wp-json\/wp\/v2\/users\/3"}],"replies":[{"embeddable":true,"href":"https:\/\/cbprimatologia.com.br\/es\/wp-json\/wp\/v2\/comments?post=2686"}],"version-history":[{"count":41,"href":"https:\/\/cbprimatologia.com.br\/es\/wp-json\/wp\/v2\/pages\/2686\/revisions"}],"predecessor-version":[{"id":2806,"href":"https:\/\/cbprimatologia.com.br\/es\/wp-json\/wp\/v2\/pages\/2686\/revisions\/2806"}],"wp:attachment":[{"href":"https:\/\/cbprimatologia.com.br\/es\/wp-json\/wp\/v2\/media?parent=2686"}],"curies":[{"name":"wp","href":"https:\/\/api.w.org\/{rel}","templated":true}]}}