{"id":19,"date":"2023-12-19T16:33:46","date_gmt":"2023-12-19T19:33:46","guid":{"rendered":"https:\/\/ccmed.com.br\/sepse\/?page_id=19"},"modified":"2026-04-28T10:17:31","modified_gmt":"2026-04-28T13:17:31","slug":"local-do-evento","status":"publish","type":"page","link":"https:\/\/cbprimatologia.com.br\/es\/local-do-evento\/","title":{"rendered":"Local do Evento"},"content":{"rendered":"\t\t<div data-elementor-type=\"wp-page\" data-elementor-id=\"19\" class=\"elementor elementor-19\" data-elementor-post-type=\"page\">\n\t\t\t\t<div class=\"elementor-element elementor-element-38edf1f7 e-con-full e-flex e-con e-parent\" data-id=\"38edf1f7\" data-element_type=\"container\" data-e-type=\"container\" data-settings=\"{&quot;background_background&quot;:&quot;classic&quot;}\">\n\t\t\t\t<\/div>\n\t\t<div class=\"elementor-element elementor-element-fc86f77 e-flex e-con-boxed e-con e-parent\" data-id=\"fc86f77\" data-element_type=\"container\" data-e-type=\"container\">\n\t\t\t\t\t<div class=\"e-con-inner\">\n\t\t\t\t<div class=\"elementor-element elementor-element-baaf76c elementor-widget elementor-widget-html\" data-id=\"baaf76c\" data-element_type=\"widget\" data-e-type=\"widget\" data-widget_type=\"html.default\">\n\t\t\t\t<div class=\"elementor-widget-container\">\n\t\t\t\t\t<section style=\"max-width: 1100px; margin: auto; font-family: Arial, sans-serif;\">\n\n  <!-- T\u00cdTULO -->\n  <h2 style=\"text-align: center; color: #424f26; margin-bottom: 10px;\">\n    Local do Evento\n  <\/h2>\n  <p style=\"text-align: center; margin-bottom: 35px; color: #555;\">\n    O congresso ser\u00e1 realizado em um dos mais inovadores ambientes de ci\u00eancia, tecnologia e sustentabilidade da Am\u00e9rica Latina.\n  <\/p>\n\n  <!-- CARD DESTAQUE -->\n  <div style=\"\n    background: linear-gradient(135deg, #424f26, #9dad8f);\n    color: #fff;\n    padding: 30px;\n    border-radius: 16px;\n    box-shadow: 0 8px 24px rgba(0,0,0,0.12);\n  \">\n\n    <h3 style=\"margin-top: 0; font-size: 22px;\">\n      \ud83d\udccd Itaipu Parquetec\n    <\/h3>\n\n    <p style=\"margin-bottom: 15px;\">\n      O evento ser\u00e1 realizado no <strong>Itaipu Parquetec<\/strong>, um parque cient\u00edfico e tecnol\u00f3gico de refer\u00eancia internacional, localizado em Foz do Igua\u00e7u (PR), Brasil.\n    <\/p>\n\n    <p style=\"margin-bottom: 15px;\">\n      Integrado ao ecossistema da Itaipu Binacional, o espa\u00e7o re\u00fane inova\u00e7\u00e3o, pesquisa e sustentabilidade, oferecendo uma infraestrutura moderna e inspiradora para a realiza\u00e7\u00e3o de eventos cient\u00edficos de grande porte.\n    <\/p>\n\n    <ul style=\"padding-left: 18px; margin-bottom: 20px;\">\n      <li>Ambiente voltado \u00e0 ci\u00eancia, tecnologia e inova\u00e7\u00e3o<\/li>\n      <li>Infraestrutura completa para congressos internacionais<\/li>\n      <li>Integra\u00e7\u00e3o com projetos de sustentabilidade e conserva\u00e7\u00e3o<\/li>\n      <li>Localiza\u00e7\u00e3o estrat\u00e9gica pr\u00f3xima \u00e0s principais atra\u00e7\u00f5es da cidade<\/li>\n    <\/ul>\n\n    <!-- BOT\u00c3O -->\n    <a href=\"https:\/\/www.itaipuparquetec.org.br\/\" target=\"_blank\"\n      style=\"\n        display: inline-block;\n        background: #cd9760;\n        color: #fff;\n        padding: 12px 20px;\n        border-radius: 10px;\n        text-decoration: none;\n        font-weight: bold;\n        transition: 0.3s;\n      \"\n      onmouseover=\"this.style.background='#936b52'\"\n      onmouseout=\"this.style.background='#cd9760'\">\n      \ud83d\udd17 Conhe\u00e7a o Itaipu Parquetec\n    <\/a>\n\n  <\/div>\n\n<\/section>\t\t\t\t<\/div>\n\t\t\t\t<\/div>\n\t\t\t\t<div class=\"elementor-element elementor-element-5f57af4 elementor-widget elementor-widget-html\" data-id=\"5f57af4\" data-element_type=\"widget\" data-e-type=\"widget\" data-widget_type=\"html.default\">\n\t\t\t\t<div class=\"elementor-widget-container\">\n\t\t\t\t\t<section style=\"max-width: 1100px; margin: auto; font-family: Arial, sans-serif;\">\n\n  <h2 style=\"text-align: center; color: #424f26; margin-bottom: 10px;\">\n    Foz do Igua\u00e7u (PR)\n  <\/h2>\n  <p style=\"text-align: center; margin-bottom: 35px; color: #555;\">\n    Biodiversidade, ci\u00eancia e integra\u00e7\u00e3o internacional em um dos cen\u00e1rios mais marcantes do mundo.\n  <\/p>\n\n  <div style=\"\n    display: grid;\n    grid-template-columns: repeat(auto-fit, minmax(260px, 1fr));\n    gap: 24px;\n  \">\n\n    <!-- CARD -->\n    <div class=\"card\">\n      <div class=\"icon\">\ud83c\udf0e<\/div>\n      <h3>Destino Internacional<\/h3>\n      <ul>\n        <li>Tr\u00edplice Fronteira<\/li>\n        <li>Ambiente multicultural<\/li>\n        <li>Integra\u00e7\u00e3o cient\u00edfica<\/li>\n      <\/ul>\n    <\/div>\n\n    <!-- CARD -->\n    <div class=\"card\">\n      <div class=\"icon\">\ud83c\udf3f<\/div>\n      <h3>Natureza & Conserva\u00e7\u00e3o<\/h3>\n      <ul>\n        <li>Parque Nacional do Igua\u00e7u<\/li>\n        <li>Mata Atl\u00e2ntica<\/li>\n        <li>Alta biodiversidade<\/li>\n\n      <\/ul>\n    <\/div>\n\n    <!-- CARD -->\n    <div class=\"card\">\n      <div class=\"icon\">\ud83d\udc12<\/div>\n      <h3>Primatologia<\/h3>\n      <ul>\n        <li>Hotspot global<\/li>\n        <li>Debates em campo real<\/li>\n        <li>Integra\u00e7\u00e3o regional<\/li>\n      <\/ul>\n    <\/div>\n\n    <!-- CARD -->\n    <div class=\"card dark\">\n      <div class=\"icon\">\u2708\ufe0f<\/div>\n      <h3>Acesso & Infraestrutura<\/h3>\n      <ul>\n        <li>Aeroporto internacional<\/li>\n        <li>Rede hoteleira<\/li>\n        <li>Mobilidade facilitada<\/li>\n        <li>Estrutura completa<\/li>\n      <\/ul>\n    <\/div>\n\n    <!-- CARD DESTAQUE -->\n    <div class=\"card highlight\">\n      <div class=\"icon\">\ud83c\udf10<\/div>\n      <h3>Experi\u00eancia Completa<\/h3>\n      <ul>\n        <li>Visitas t\u00e9cnicas<\/li>\n        <li>Projetos de conserva\u00e7\u00e3o<\/li>\n        <li>Ci\u00eancia + turismo sustent\u00e1vel<\/li>\n      <\/ul>\n\n    <\/div>\n\n  <\/div>\n\n  <style>\n    .card {\n      background: #ffffff;\n      padding: 22px;\n      border-radius: 14px;\n      box-shadow: 0 6px 18px rgba(0,0,0,0.08);\n      transition: all 0.3s ease;\n      position: relative;\n      overflow: hidden;\n    }\n\n    .card:hover {\n      transform: translateY(-6px) scale(1.02);\n      box-shadow: 0 12px 28px rgba(0,0,0,0.15);\n    }\n\n    .card h3 {\n      margin-top: 10px;\n      margin-bottom: 10px;\n      color: #424f26;\n    }\n\n    .card ul {\n      padding-left: 18px;\n      margin: 0;\n      color: #555;\n    }\n\n    .card li {\n      margin-bottom: 6px;\n    }\n\n    .icon {\n      font-size: 26px;\n      background: #9dad8f;\n      width: 48px;\n      height: 48px;\n      display: flex;\n      align-items: center;\n      justify-content: center;\n      border-radius: 10px;\n    }\n\n    \/* Card escuro *\/\n    .card.dark {\n      background: #424f26;\n      color: #fff;\n    }\n\n    .card.dark h3,\n    .card.dark ul {\n      color: #fff;\n    }\n\n    .card.dark .icon {\n      background: #cd9760;\n    }\n\n    \/* Card destaque *\/\n    .card.highlight {\n      background: linear-gradient(135deg, #936b52, #cd9760);\n      color: #fff;\n      grid-column: span 2;\n    }\n\n    .card.highlight h3,\n    .card.highlight ul {\n      color: #fff;\n    }\n\n    .card.highlight .icon {\n      background: rgba(255,255,255,0.2);\n    }\n\n    .cta {\n      margin-top: 12px;\n      font-weight: bold;\n    }\n\n    \/* Responsivo *\/\n    @media (max-width: 768px) {\n      .card.highlight {\n        grid-column: span 1;\n      }\n    }\n  <\/style>\n\n<\/section>\t\t\t\t<\/div>\n\t\t\t\t<\/div>\n\t\t\t\t\t<\/div>\n\t\t\t\t<\/div>\n\t\t<div class=\"elementor-element elementor-element-ad7bdd3 e-flex e-con-boxed e-con e-parent\" data-id=\"ad7bdd3\" data-element_type=\"container\" data-e-type=\"container\">\n\t\t\t\t\t<div class=\"e-con-inner\">\n\t\t\t\t<div class=\"elementor-element elementor-element-7791c73 elementor-widget elementor-widget-html\" data-id=\"7791c73\" data-element_type=\"widget\" data-e-type=\"widget\" data-widget_type=\"html.default\">\n\t\t\t\t<div class=\"elementor-widget-container\">\n\t\t\t\t\t<a href=\"https:\/\/drive.google.com\/uc?export=download&id=1g1-ArkMwOWQAFGGtsm11UtLps3zcNvYE\" \ntarget=\"_blank\"\nstyle=\"display:inline-block;background:#cd9760;color:#fff;padding:14px 22px;border-radius:10px;text-decoration:none;font-weight:bold;\">\n\ud83e\udded N\u00e3o perca nada em Foz \u2014 baixe agora o Guia do Visitante\n<\/a>\t\t\t\t<\/div>\n\t\t\t\t<\/div>\n\t\t\t\t\t<\/div>\n\t\t\t\t<\/div>\n\t\t\t\t<section class=\"elementor-section elementor-top-section elementor-element elementor-element-40fd0c14 elementor-section-content-middle elementor-section-boxed elementor-section-height-default elementor-section-height-default\" data-id=\"40fd0c14\" data-element_type=\"section\" data-e-type=\"section\">\n\t\t\t\t\t\t<div class=\"elementor-container elementor-column-gap-no\">\n\t\t\t\t\t<div class=\"elementor-column elementor-col-100 elementor-top-column elementor-element elementor-element-726ddc1b\" data-id=\"726ddc1b\" data-element_type=\"column\" data-e-type=\"column\">\n\t\t\t<div class=\"elementor-widget-wrap elementor-element-populated\">\n\t\t\t\t\t\t<div class=\"elementor-element elementor-element-5d0a1a2f elementor-icon-list--layout-inline elementor-align-center elementor-list-item-link-full_width elementor-widget elementor-widget-icon-list\" data-id=\"5d0a1a2f\" data-element_type=\"widget\" data-e-type=\"widget\" data-widget_type=\"icon-list.default\">\n\t\t\t\t<div class=\"elementor-widget-container\">\n\t\t\t\t\t\t\t<ul class=\"elementor-icon-list-items elementor-inline-items\">\n\t\t\t\t\t\t\t<li class=\"elementor-icon-list-item elementor-inline-item\">\n\t\t\t\t\t\t\t\t\t\t\t<a href=\"https:\/\/www.destino.foz.br\/\" target=\"_blank\">\n\n\t\t\t\t\t\t\t\t\t\t\t\t<span class=\"elementor-icon-list-icon\">\n\t\t\t\t\t\t\t<svg aria-hidden=\"true\" class=\"e-font-icon-svg e-fas-globe\" viewBox=\"0 0 496 512\" xmlns=\"http:\/\/www.w3.org\/2000\/svg\"><path d=\"M336.5 160C322 70.7 287.8 8 248 8s-74 62.7-88.5 152h177zM152 256c0 22.2 1.2 43.5 3.3 64h185.3c2.1-20.5 3.3-41.8 3.3-64s-1.2-43.5-3.3-64H155.3c-2.1 20.5-3.3 41.8-3.3 64zm324.7-96c-28.6-67.9-86.5-120.4-158-141.6 24.4 33.8 41.2 84.7 50 141.6h108zM177.2 18.4C105.8 39.6 47.8 92.1 19.3 160h108c8.7-56.9 25.5-107.8 49.9-141.6zM487.4 192H372.7c2.1 21 3.3 42.5 3.3 64s-1.2 43-3.3 64h114.6c5.5-20.5 8.6-41.8 8.6-64s-3.1-43.5-8.5-64zM120 256c0-21.5 1.2-43 3.3-64H8.6C3.2 212.5 0 233.8 0 256s3.2 43.5 8.6 64h114.6c-2-21-3.2-42.5-3.2-64zm39.5 96c14.5 89.3 48.7 152 88.5 152s74-62.7 88.5-152h-177zm159.3 141.6c71.4-21.2 129.4-73.7 158-141.6h-108c-8.8 56.9-25.6 107.8-50 141.6zM19.3 352c28.6 67.9 86.5 120.4 158 141.6-24.4-33.8-41.2-84.7-50-141.6h-108z\"><\/path><\/svg>\t\t\t\t\t\t<\/span>\n\t\t\t\t\t\t\t\t\t\t<span class=\"elementor-icon-list-text\">Conhe\u00e7a Foz do Igua\u00e7u<\/span>\n\t\t\t\t\t\t\t\t\t\t\t<\/a>\n\t\t\t\t\t\t\t\t\t<\/li>\n\t\t\t\t\t\t\t\t<li class=\"elementor-icon-list-item elementor-inline-item\">\n\t\t\t\t\t\t\t\t\t\t\t<a href=\"https:\/\/maps.app.goo.gl\/VyVfyHD9rbFBKN4i7\" target=\"_blank\">\n\n\t\t\t\t\t\t\t\t\t\t\t\t<span class=\"elementor-icon-list-icon\">\n\t\t\t\t\t\t\t<svg aria-hidden=\"true\" class=\"e-font-icon-svg e-fas-location-arrow\" viewBox=\"0 0 512 512\" xmlns=\"http:\/\/www.w3.org\/2000\/svg\"><path d=\"M444.52 3.52L28.74 195.42c-47.97 22.39-31.98 92.75 19.19 92.75h175.91v175.91c0 51.17 70.36 67.17 92.75 19.19l191.9-415.78c15.99-38.39-25.59-79.97-63.97-63.97z\"><\/path><\/svg>\t\t\t\t\t\t<\/span>\n\t\t\t\t\t\t\t\t\t\t<span class=\"elementor-icon-list-text\">Como chegar<\/span>\n\t\t\t\t\t\t\t\t\t\t\t<\/a>\n\t\t\t\t\t\t\t\t\t<\/li>\n\t\t\t\t\t\t<\/ul>\n\t\t\t\t\t\t<\/div>\n\t\t\t\t<\/div>\n\t\t\t\t<div class=\"elementor-element elementor-element-6f03a4cc elementor-widget elementor-widget-google_maps\" data-id=\"6f03a4cc\" data-element_type=\"widget\" data-e-type=\"widget\" data-widget_type=\"google_maps.default\">\n\t\t\t\t<div class=\"elementor-widget-container\">\n\t\t\t\t\t\t\t<div class=\"elementor-custom-embed\">\n\t\t\t<iframe loading=\"lazy\"\n\t\t\t\t\tsrc=\"https:\/\/maps.google.com\/maps?q=Foz%20do%20Igua%C3%A7u%2C%20PR%2C%20Brasil&#038;t=m&#038;z=12&#038;output=embed&#038;iwloc=near\"\n\t\t\t\t\ttitle=\"Foz do Igua\u00e7u, PR, Brasil\"\n\t\t\t\t\taria-label=\"Foz do Igua\u00e7u, PR, Brasil\"\n\t\t\t><\/iframe>\n\t\t<\/div>\n\t\t\t\t\t\t<\/div>\n\t\t\t\t<\/div>\n\t\t\t\t\t<\/div>\n\t\t<\/div>\n\t\t\t\t\t<\/div>\n\t\t<\/section>\n\t\t\t\t<\/div>\n\t\t","protected":false},"excerpt":{"rendered":"<p>Local do Evento O congresso ser\u00e1 realizado em um dos mais inovadores ambientes de ci\u00eancia, tecnologia e sustentabilidade da Am\u00e9rica Latina. \ud83d\udccd Itaipu Parquetec O evento ser\u00e1 realizado no Itaipu Parquetec, um parque cient\u00edfico e tecnol\u00f3gico de refer\u00eancia internacional, localizado em Foz do Igua\u00e7u (PR), Brasil. Integrado ao ecossistema da Itaipu Binacional, o espa\u00e7o re\u00fane [&hellip;]<\/p>\n","protected":false},"author":1,"featured_media":0,"parent":0,"menu_order":0,"comment_status":"closed","ping_status":"closed","template":"elementor_header_footer","meta":{"_joinchat":[],"footnotes":""},"class_list":["post-19","page","type-page","status-publish","hentry"],"aioseo_notices":[],"_hostinger_reach_plugin_has_subscription_block":false,"_hostinger_reach_plugin_is_elementor":false,"_links":{"self":[{"href":"https:\/\/cbprimatologia.com.br\/es\/wp-json\/wp\/v2\/pages\/19","targetHints":{"allow":["GET"]}}],"collection":[{"href":"https:\/\/cbprimatologia.com.br\/es\/wp-json\/wp\/v2\/pages"}],"about":[{"href":"https:\/\/cbprimatologia.com.br\/es\/wp-json\/wp\/v2\/types\/page"}],"author":[{"embeddable":true,"href":"https:\/\/cbprimatologia.com.br\/es\/wp-json\/wp\/v2\/users\/1"}],"replies":[{"embeddable":true,"href":"https:\/\/cbprimatologia.com.br\/es\/wp-json\/wp\/v2\/comments?post=19"}],"version-history":[{"count":52,"href":"https:\/\/cbprimatologia.com.br\/es\/wp-json\/wp\/v2\/pages\/19\/revisions"}],"predecessor-version":[{"id":2793,"href":"https:\/\/cbprimatologia.com.br\/es\/wp-json\/wp\/v2\/pages\/19\/revisions\/2793"}],"wp:attachment":[{"href":"https:\/\/cbprimatologia.com.br\/es\/wp-json\/wp\/v2\/media?parent=19"}],"curies":[{"name":"wp","href":"https:\/\/api.w.org\/{rel}","templated":true}]}}